{"id":149,"date":"2025-05-20T13:16:48","date_gmt":"2025-05-20T13:16:48","guid":{"rendered":"https:\/\/lunchmeatfestival.cz\/2025\/?page_id=149"},"modified":"2025-09-25T09:50:43","modified_gmt":"2025-09-25T09:50:43","slug":"symposium","status":"publish","type":"page","link":"https:\/\/lunchmeatfestival.cz\/2025\/symposium\/","title":{"rendered":"Symposium"},"content":{"rendered":"\n<div class=\"wp-block-group\"><div class=\"wp-block-group__inner-container is-layout-constrained wp-block-group-is-layout-constrained\">\n<nav class=\"second\"><a href=\"#sep23\"><span class=\"button\" onclick=\"filterSelection('sep23')\">Tue Sep 23rd \u2192<\/span><\/a><a href=\"#sep25\"><span class=\"button\" onclick=\"filterSelection('sep25')\">Thu Sep 25th \u2192<\/span><\/a>\n<a href=\"#sep26\"><span class=\"button\" onclick=\"filterSelection('sep26')\">Fri Sep 26th \u2192<\/span><\/a><a href=\"#sep27\"><span class=\"button\" onclick=\"filterSelection('sep27')\">Sat Sep 27th \u2192<\/span><\/a><\/nav>\n<\/div><\/div>\n\n\n\n<div class=\"wp-block-group sep23 filterDiv\"><div class=\"wp-block-group__inner-container is-layout-constrained wp-block-group-is-layout-constrained\">\n<h1 class=\"wp-block-heading\">Lunchmeat Festival x Aerofilms: <br>Sirat &amp; Discussion in CZ<br><strong>19:30\u201322:30<\/strong><\/h1>\n\n\n\n<p>How do different generations of promoters, DJs, musicians, and active participants in the techno scene perceive its evolution over the past 30 years? Rave and techno as a continual search for new sounds, communities, and the self\u2014explored in a discussion tied to a preview screening of Sirat, a wild ride that shocked Cannes and, beyond winning the Jury Prize, earned a reputation as the year\u2019s most explosive cinematic experience with instant cult potential and a hypnotic soundtrack by legendary producer Kangding Ray. Guests: Nina Farrina, Nika 77, Raveboy, Michal Veltrusk\u00fd (Nite Vibes, Ankali) and Ladislav Zensor (Exhausted Modern, Oblaka). Moderated by Lucia Udvardyov\u00e1.<br><\/p>\n\n\n\n<p><strong>19:30 Echoes of Rave: 30 Years of Techno in the Czech Republic \u2014 discussion<br>20:30 Sirat \u2014 preview screening<\/strong><\/p>\n\n\n\n<p>The hot sun sears the thumping sound systems, deafening beats echo from the Moroccan rocks, and sweaty bodies abandon themselves to ecstatic dancing. Luis\u2019s search for his daughter has led him here, to this illegal rave, but he is unsuccessful once again. A new trail leads him deeper into the desert, where another rave is planned. But the journey there risks the lives of Luis, his son, and the five nomads they have joined. Oliver Laxe\u2019s transcendental parable tests not only the cinema\u2019s sound system but also the level of tension the audience is willing to bear. The most explosive film shown at this year\u2019s Cannes Film Festival,&nbsp;<em>Sir\u00e2t<\/em>&nbsp;is a hypnotically suggestive audiovisual experience with a chilling vision of a world on the brink of collapse, where freedom is merely an illusion, a temporary state without any guarantees.<\/p>\n\n\n\n<p><br>Kino Lucerna<br>Vodi\u010dkova 704\/36<br>Prague 1<\/p>\n\n\n\n<p><a href=\"https:\/\/kinolucerna.cz\/en?projection=40733\">Get Tickets<br><\/a><br><\/p>\n<\/div><\/div>\n\n\n\n<div class=\"wp-block-group sep25  filterDiv\"><div class=\"wp-block-group__inner-container is-layout-constrained wp-block-group-is-layout-constrained\">\n<h1 class=\"wp-block-heading has-text-align-left\"><strong>Tranzit x Lunchmeat<\/strong> Festival<br><strong>17:00\u201318:00<\/strong><br><strong><strong>hannah baer<\/strong> \u2013 I need you [in the club] live video lecture<\/strong><br><a href=\"https:\/\/www.facebook.com\/events\/1403177397415367\" data-type=\"link\" data-id=\"https:\/\/www.facebook.com\/events\/1403177397415367\" target=\"_blank\" rel=\"noreferrer noopener\">FB Event<\/a><\/h1>\n\n\n\n<p class=\"has-text-align-left\">The lecture in the Korzo of the Trade Fair Palace will allow the author to present key ideas and concepts from her forthcoming book The Life of the Party to the audience, who will have the opportunity to engage in a dialogue with the creator during a moderated discussion. The host of the lecture and the Q&amp;A will be cultural journalist David Laufer.<br><br>Author, essayist, and meme creator hannah baer will combine psychoanalytic concepts, personal stories, and current events in a live video lecture entitled I need you [in the club], presenting an unexpected view of club parties as places that can transform our relationships with the world and with other people.&nbsp;<\/p>\n\n\n\n<p class=\"has-text-align-left\">Korzo \u2013 Veletr\u017en\u00ed pal\u00e1c\u202f&nbsp;<br>Free entry<\/p>\n<\/div><\/div>\n\n\n\n<div class=\"wp-block-group sep26 filterDiv\"><div class=\"wp-block-group__inner-container is-layout-constrained wp-block-group-is-layout-constrained\">\n<h1 class=\"wp-block-heading has-text-align-left\">Lunchmeat festival x Resident Advisor Talks: <a href=\"https:\/\/lunchmeatfestival.cz\/2025\/colin-self\/\">Colin Self,<\/a> <a href=\"https:\/\/lunchmeatfestival.cz\/2025\/%c2%b5-ziq-idmora\/\">\u03bc-Ziq<\/a>&nbsp;<br>17:30\u201320:00<br>Artist Talk &amp; Discussion&nbsp;<strong>&nbsp;<\/strong><br>Host: Chloe Lula<\/h1>\n\n\n\n<p>Legendary Resident Advisor Talks comes to Lunchmeat! Chloe Lula of Resident Advisor will sit down with Planet Mu&#8217;s label head Mike Paradinas (\u03bc-Ziq) and artist, composer and choreographer Colin Self for another exciting Symposium talk. <\/p>\n\n\n\n<p class=\"has-text-align-left\">Chloe Lula is a Berlin-based artist and journalist who examines politics and the cultural zeitgeist through the lens of music. She is the senior producer at Resident Advisor, where she hosts and produces the weekly RA Exchange and curates panels, talks and workshops for festivals like&nbsp;Dekmantel, Nuits&nbsp;Sonores, Rewire, Unsound and more. Chloe received her master\u2019s degree from Columbia Journalism School, which was shortly followed by a year-long fellowship with the Pulitzer Center. Her writing has appeared in the Washington Post, the New York Times, Politico, The Quietus, Esquire, The Guardian and The Wire, where she writes a regular column on dance music. In addition to her career as a journalist, she is also a touring DJ and musician, and a resident and releasing artist on Tresor.&nbsp;<\/p>\n<\/div><\/div>\n\n\n\n<div class=\"wp-block-group sep27 filterDiv\"><div class=\"wp-block-group__inner-container is-layout-constrained wp-block-group-is-layout-constrained\">\n<h1 class=\"wp-block-heading has-text-align-left\">Label Fair: Independent electronic labels&#8217; showcase and meetup<br><strong>15:00\u2013<\/strong>20:00<\/h1>\n\n\n\n<p class=\"has-text-align-left\">We\u2019re very excited to be launching Lunchmeat\u2019s fourth independent label fair, this year as part of the Lunchmeat Festival main programme. Label Fair is a meeting of independent electronic labels and collectives from all over the Czech Republic. It offers them an opportunity to present their own work and identity, whether it&#8217;s releases, merch or other production, and at the same time meet the public, other similar creators and collectives in an informal way.<br><br>Korzo \u2013 Veletr\u017en\u00ed pal\u00e1c\u202f&nbsp;<br>Free entry&nbsp;<\/p>\n<\/div><\/div>\n\n\n\n<div class=\"wp-block-group\"><div class=\"wp-block-group__inner-container is-layout-constrained wp-block-group-is-layout-constrained\">\n<p class=\"has-text-align-left\"><\/p>\n<\/div><\/div>\n\n\n\n<div class=\"wp-block-group\"><div class=\"wp-block-group__inner-container is-layout-constrained wp-block-group-is-layout-constrained\">\n<div style=\"height:0px\" aria-hidden=\"true\" class=\"wp-block-spacer line\"><\/div>\n\n\n\n<h1 class=\"wp-block-heading has-text-align-left\">Symposium on Digital Arts:<br>Talks &amp; Workshops<br>Free entry<\/h1>\n\n\n\n<p>Make yourself comfortable, listen, ask, discuss and explore different voices and faces of Lunchmeat Festival and guests at this year&#8217;s symposium on music and arts!&nbsp;&nbsp;&nbsp;<\/p>\n\n\n\n<p>In addition to several lectures and discussions with artists and cultural workers from Czechia and beyond, a record fair with Czech and Slovak label owners will take place on Saturday afternoon. <\/p>\n\n\n\n<p>Korzo \u2013 Veletr\u017en\u00ed pal\u00e1c (NG Prague), Kino Lucerna<br>Free entry to all events except Sirat Movie Screening &amp; Discussion. <\/p>\n\n\n\n<p><strong>The \u202fSymposium is organized with \u202fthe support\u202f of the\u202f City of Prague,\u202fthe Ministry of Culture of the Czech Republic and the National Gallery Prague<\/strong>. <\/p>\n<\/div><\/div>\n","protected":false},"excerpt":{"rendered":"<p>Tue Sep 23rd \u2192Thu Sep 25th \u2192 Fri Sep 26th \u2192Sat Sep 27th \u2192 Lunchmeat Festival x Aerofilms: Sirat &amp; Discussion in CZ19:30\u201322:30 How do different generations of promoters, DJs, musicians, and active participants in the techno scene perceive its evolution over the past 30 years? Rave and techno as a continual search for new [&hellip;]<\/p>\n","protected":false},"author":1,"featured_media":0,"parent":0,"menu_order":0,"comment_status":"closed","ping_status":"closed","template":"","meta":{"footnotes":""},"class_list":["post-149","page","type-page","status-publish","hentry"],"_links":{"self":[{"href":"https:\/\/lunchmeatfestival.cz\/2025\/wp-json\/wp\/v2\/pages\/149","targetHints":{"allow":["GET"]}}],"collection":[{"href":"https:\/\/lunchmeatfestival.cz\/2025\/wp-json\/wp\/v2\/pages"}],"about":[{"href":"https:\/\/lunchmeatfestival.cz\/2025\/wp-json\/wp\/v2\/types\/page"}],"author":[{"embeddable":true,"href":"https:\/\/lunchmeatfestival.cz\/2025\/wp-json\/wp\/v2\/users\/1"}],"replies":[{"embeddable":true,"href":"https:\/\/lunchmeatfestival.cz\/2025\/wp-json\/wp\/v2\/comments?post=149"}],"version-history":[{"count":58,"href":"https:\/\/lunchmeatfestival.cz\/2025\/wp-json\/wp\/v2\/pages\/149\/revisions"}],"predecessor-version":[{"id":1177,"href":"https:\/\/lunchmeatfestival.cz\/2025\/wp-json\/wp\/v2\/pages\/149\/revisions\/1177"}],"wp:attachment":[{"href":"https:\/\/lunchmeatfestival.cz\/2025\/wp-json\/wp\/v2\/media?parent=149"}],"curies":[{"name":"wp","href":"https:\/\/api.w.org\/{rel}","templated":true}]}}