{"id":33,"date":"2025-05-19T06:50:08","date_gmt":"2025-05-19T06:50:08","guid":{"rendered":"https:\/\/lunchmeatfestival.cz\/2025\/?page_id=33"},"modified":"2025-09-18T19:42:31","modified_gmt":"2025-09-18T19:42:31","slug":"venues","status":"publish","type":"page","link":"https:\/\/lunchmeatfestival.cz\/2025\/venues\/","title":{"rendered":"Venues"},"content":{"rendered":"\n<div class=\"wp-block-group venue-list\"><div class=\"wp-block-group__inner-container is-layout-constrained wp-block-group-is-layout-constrained\">\n<h1 class=\"wp-block-heading\">Trade Fair Palace<br>National Gallery Prague<\/h1>\n\n\n\n<p>From Thursday till Sunday, the main program will take place in the concrete underground of Trade Fair Palace. Formerly intended for trade fairs, this gem of Czech Functionalist architecture has been the seat of the National Gallery in Prague from 1976. Built in 1925\u20131928, the imposing building was the largest edifice of its kind in the world.<\/p>\n\n\n\n<p>Trade Fair Palace \u2013 National Gallery Prague <br>Studio Hrdin\u016f<br>Dukelsk\u00fdch hrdin\u016f 47<br>170 00 Praha 7<\/p>\n\n\n\n<p><a href=\"https:\/\/mapy.com\/s\/kepahamavo\" target=\"_blank\" rel=\"noreferrer noopener\">Map \u2192<\/a><\/p>\n\n\n\n<p>Please note that the main venue is not wheelchair accessible. Contact us if you need assistance associated with your disability.<\/p>\n<\/div><\/div>\n\n\n\n<div class=\"wp-block-group venue-list\"><div class=\"wp-block-group__inner-container is-layout-constrained wp-block-group-is-layout-constrained\">\n<h1 class=\"wp-block-heading\">CAMP<\/h1>\n\n\n\n<p>Center of Architecture and Metropolitan Planning is based in the brutalist cubes built by notable Czech architect Karel Prager in the late 1960s. Its unique space will offer a 24 meters wide projection screen to overwhelming AV shows.<\/p>\n\n\n\n<p>CAMP<br>Vy\u0161ehradsk\u00e1 51<br>120 00 Praha 2<\/p>\n\n\n\n<p><a href=\"https:\/\/mapy.com\/s\/razafacove\" target=\"_blank\" rel=\"noreferrer noopener\">Map \u2192<\/a><\/p>\n<\/div><\/div>\n\n\n\n<div class=\"wp-block-group venue-list\"><div class=\"wp-block-group__inner-container is-layout-constrained wp-block-group-is-layout-constrained\">\n<h1 class=\"wp-block-heading\">Ankali<\/h1>\n\n\n\n<p>The organizers of some of Prague\u2019s best underground parties created a \u201cgently crafted club space for open-minded heads\u201d. The former soap factory immediately became Prague\u2019s busiest techno spot. It might be well known for neverending raves, but you\u2019ll see its atmosphere works like a charm in other settings too.<\/p>\n\n\n\n<p>Ankali<br>Lopuchov\u00e1 58\/6<br>101 00 Praha 10<\/p>\n\n\n\n<p><a href=\"https:\/\/mapy.com\/s\/nusavojufo\" target=\"_blank\" rel=\"noreferrer noopener\">Map \u2192<\/a><\/p>\n<\/div><\/div>\n\n\n\n<div class=\"wp-block-group venue-list\"><div class=\"wp-block-group__inner-container is-layout-constrained wp-block-group-is-layout-constrained\">\n<h1 class=\"wp-block-heading\">Kino Lucerna<\/h1>\n\n\n\n<p>Legendary cinema in the heart of Prague, is a part of the Aerokina network. Lucerna cinema is a cultural landmark set in a stunning Art Nouveau palace. It hosts premieres, festivals, and live broadcasts of opera, ballet, theatre, and concerts, offering a diverse program for both casual viewers and film lovers.<\/p>\n\n\n\n<p>Kino Lucerna<br>Vodi\u010dkova 36<br>110 00 Praha 1<\/p>\n\n\n\n<p><a href=\"https:\/\/mapy.com\/s\/nufazejocu\" target=\"_blank\" rel=\"noreferrer noopener\">Map \u2192<\/a><\/p>\n<\/div><\/div>\n\n\n\n<div class=\"wp-block-group venue-list\"><div class=\"wp-block-group__inner-container is-layout-constrained wp-block-group-is-layout-constrained\">\n<h1 class=\"wp-block-heading\">Planetarium 360\u00b0 LED Dome<\/h1>\n\n\n\n<p>Home to the largest projection screen in the Czech Republic, the planetarium has undergone a major upgrade, introducing cutting-edge LED DOME technology \u2013 the first of its kind in Europe and third worldwide. With a redesigned foyer, LED wall, and new exhibition and relaxation zones, it now offers a unique space experience for all visitors \u2013 proving that the planetarium isn\u2019t just for school trips, but a place for everyone to explore the universe and beyond.<\/p>\n\n\n\n<p>Planet\u00e1rium Praha<br>Kr\u00e1lovsk\u00e1 obora 233<br>170 00 Praha 7<\/p>\n\n\n\n<p><a href=\"https:\/\/mapy.com\/s\/cekojelolu\" target=\"_blank\" rel=\"noreferrer noopener\">Map \u2192<\/a><\/p>\n<\/div><\/div>\n","protected":false},"excerpt":{"rendered":"<p>Trade Fair PalaceNational Gallery Prague From Thursday till Sunday, the main program will take place in the concrete underground of Trade Fair Palace. Formerly intended for trade fairs, this gem of Czech Functionalist architecture has been the seat of the National Gallery in Prague from 1976. Built in 1925\u20131928, the imposing building was the largest [&hellip;]<\/p>\n","protected":false},"author":1,"featured_media":0,"parent":0,"menu_order":0,"comment_status":"closed","ping_status":"closed","template":"","meta":{"footnotes":""},"class_list":["post-33","page","type-page","status-publish","hentry"],"_links":{"self":[{"href":"https:\/\/lunchmeatfestival.cz\/2025\/wp-json\/wp\/v2\/pages\/33","targetHints":{"allow":["GET"]}}],"collection":[{"href":"https:\/\/lunchmeatfestival.cz\/2025\/wp-json\/wp\/v2\/pages"}],"about":[{"href":"https:\/\/lunchmeatfestival.cz\/2025\/wp-json\/wp\/v2\/types\/page"}],"author":[{"embeddable":true,"href":"https:\/\/lunchmeatfestival.cz\/2025\/wp-json\/wp\/v2\/users\/1"}],"replies":[{"embeddable":true,"href":"https:\/\/lunchmeatfestival.cz\/2025\/wp-json\/wp\/v2\/comments?post=33"}],"version-history":[{"count":30,"href":"https:\/\/lunchmeatfestival.cz\/2025\/wp-json\/wp\/v2\/pages\/33\/revisions"}],"predecessor-version":[{"id":1067,"href":"https:\/\/lunchmeatfestival.cz\/2025\/wp-json\/wp\/v2\/pages\/33\/revisions\/1067"}],"wp:attachment":[{"href":"https:\/\/lunchmeatfestival.cz\/2025\/wp-json\/wp\/v2\/media?parent=33"}],"curies":[{"name":"wp","href":"https:\/\/api.w.org\/{rel}","templated":true}]}}